{"id":4,"date":"2023-10-16T15:11:38","date_gmt":"2023-10-16T13:11:38","guid":{"rendered":"http:\/\/maria-bischof.at\/?page_id=4"},"modified":"2023-10-20T16:36:11","modified_gmt":"2023-10-20T14:36:11","slug":"psychotherapie","status":"publish","type":"page","link":"http:\/\/maria-bischof.at\/?page_id=4","title":{"rendered":"Psychotherapie"},"content":{"rendered":"\n<p>Meine Arbeitsweise ist gepr\u00e4gt von den Konzepten und Methoden der systemischen Therapie, die den Menschen in seinen vielf\u00e4ltigen Lebensumst\u00e4nden&nbsp; von Familie, sozialem Umfeld, Beruf und seinem K\u00f6rper in den Mittelpunkt der Betrachtung stellt.<\/p>\n\n\n\n<p>In meiner Arbeit als Beraterin und Therapeutin sehe ich mich als Begleiterin, die den KlientInnen hilfreich und wertsch\u00e4tzend\u00a0 zur Seite steht, um L\u00f6sungen f\u00fcr ihre Fragen und Anliegen zu finden. Es geht darum, ressourcen-orientierte Ideen aufzugreifen, um die F\u00e4higkeiten und St\u00e4rken wieder zu entdecken.<br><br>Systemische Psychotherapie findet im pers\u00f6nlichen\u00a0Gespr\u00e4ch mit unterschiedlichen kreativen Methoden kombiniert, Arbeit mit dem Familienbrett, Skulptur und Aufstellungsarbeit, K\u00f6rperwahrnehmungs\u00fcbungen statt.<\/p>\n\n\n\n<p><\/p>\n\n\n\n<h3 class=\"wp-block-heading\">Meine Themenschwerpunkte:<\/h3>\n\n\n\n<ul>\n<li>Angst und Panikzust\u00e4nde<\/li>\n\n\n\n<li>Paar- und Beziehungsanliegen<\/li>\n\n\n\n<li>Psychosomatische Zust\u00e4nde<\/li>\n\n\n\n<li>Krisen in Lebens\u00fcberg\u00e4ngen<\/li>\n\n\n\n<li>Depression<\/li>\n\n\n\n<li>Erziehungsfragen<\/li>\n\n\n\n<li>Burnout<\/li>\n\n\n\n<li>Selbstwertprobleme<\/li>\n<\/ul>\n\n\n\n<p>Ich arbeite mit Einzelnen, Paaren, Familien und Jugendlichen<\/p>\n\n\n\n<p><\/p>\n\n\n\n<h3 class=\"wp-block-heading\">Kosten:<\/h3>\n\n\n\n<p>Honorar pro Stunde Einzel: (50 Min.) 110 \u20ac | Paartherapie (100 min.) 180 \u20ac<br><br>Teilrefundierung der Kosten \u00fcber die Krankenkasse ist m\u00f6glich.<\/p>\n","protected":false},"excerpt":{"rendered":"<p>Meine Arbeitsweise ist gepr\u00e4gt von den Konzepten und Methoden der systemischen Therapie, die den Menschen in seinen vielf\u00e4ltigen Lebensumst\u00e4nden&nbsp; von Familie, sozialem Umfeld, Beruf und seinem K\u00f6rper in den Mittelpunkt der Betrachtung stellt. In meiner Arbeit als Beraterin und Therapeutin sehe ich mich als Begleiterin, die den KlientInnen hilfreich und wertsch\u00e4tzend\u00a0 zur Seite steht, um [&hellip;]<\/p>\n","protected":false},"author":1,"featured_media":0,"parent":0,"menu_order":0,"comment_status":"closed","ping_status":"closed","template":"","meta":{"hide_page_title":""},"_links":{"self":[{"href":"http:\/\/maria-bischof.at\/index.php?rest_route=\/wp\/v2\/pages\/4"}],"collection":[{"href":"http:\/\/maria-bischof.at\/index.php?rest_route=\/wp\/v2\/pages"}],"about":[{"href":"http:\/\/maria-bischof.at\/index.php?rest_route=\/wp\/v2\/types\/page"}],"author":[{"embeddable":true,"href":"http:\/\/maria-bischof.at\/index.php?rest_route=\/wp\/v2\/users\/1"}],"replies":[{"embeddable":true,"href":"http:\/\/maria-bischof.at\/index.php?rest_route=%2Fwp%2Fv2%2Fcomments&post=4"}],"version-history":[{"count":6,"href":"http:\/\/maria-bischof.at\/index.php?rest_route=\/wp\/v2\/pages\/4\/revisions"}],"predecessor-version":[{"id":79,"href":"http:\/\/maria-bischof.at\/index.php?rest_route=\/wp\/v2\/pages\/4\/revisions\/79"}],"wp:attachment":[{"href":"http:\/\/maria-bischof.at\/index.php?rest_route=%2Fwp%2Fv2%2Fmedia&parent=4"}],"curies":[{"name":"wp","href":"https:\/\/api.w.org\/{rel}","templated":true}]}}